{"id":66,"date":"2020-08-21T18:48:05","date_gmt":"2020-08-21T21:48:05","guid":{"rendered":"http:\/\/localhost\/timemoney3\/tm-ecommerce-arg\/?page_id=66"},"modified":"2020-11-19T15:51:33","modified_gmt":"2020-11-19T18:51:33","slug":"terminos-y-condiciones","status":"publish","type":"page","link":"https:\/\/www.timemoneynet.com\/ecom-argentina\/terminos-y-condiciones\/","title":{"rendered":"T\u00e9rminos y Condiciones"},"content":{"rendered":"\n<p>Lea estos T\u00e9rminos de uso (&#8220;T\u00e9rminos&#8221;, &#8220;T\u00e9rminos de uso&#8221;) detenidamente antes de utilizar el sitio web https: \/www. timemoneynet.com (el &#8220;Servicio&#8221;) operado por Time &amp; Money Network Editions (&#8220;nosotros&#8221;,  o \u201c nuestro \u201d).<\/p>\n\n\n\n<p>Su acceso y uso del Servicio est\u00e1 condicionado a su aceptaci\u00f3n y cumplimiento de estos T\u00e9rminos. Estos T\u00e9rminos se aplican a todos los visitantes, usuarios y otras personas que acceden o utilizan el Servicio.<\/p>\n\n\n\n<p>Al acceder o utilizar el Servicio, acepta estar sujeto a estos T\u00e9rminos. Si no est\u00e1 de acuerdo con alguna parte de los t\u00e9rminos, no podr\u00e1 acceder al Servicio.<\/p>\n\n\n\n<p class=\"has-medium-font-size\"><strong>Cuentas<\/strong><\/p>\n\n\n\n<p>Cuando crea una cuenta con nosotros, debe proporcionarnos informaci\u00f3n precisa, completa y actualizada en todo momento. El no hacerlo constituye un incumplimiento de los T\u00e9rminos, que puede resultar en la cancelaci\u00f3n inmediata de su cuenta en nuestro Servicio. Usted es responsable de proteger la contrase\u00f1a que usa para acceder al Servicio y de cualquier actividad o acci\u00f3n bajo su contrase\u00f1a, ya sea que su contrase\u00f1a sea de nuestro Servicio o de un servicio de terceros. Acepta no divulgar su contrase\u00f1a a ning\u00fan tercero. Debe notificarnos de inmediato cuando tenga conocimiento de cualquier violaci\u00f3n de seguridad o uso no autorizado de su cuenta.<\/p>\n\n\n\n<p class=\"has-medium-font-size\"><strong>Propiedad intelectual&nbsp;<\/strong><\/p>\n\n\n\n<p>El Servicio y su contenido, caracter\u00edsticas y funcionalidad originales son y seguir\u00e1n siendo propiedad exclusiva de Time &amp; Money Network Editions y sus licenciantes.<\/p>\n\n\n\n<p class=\"has-medium-font-size\"><strong>Enlaces a otros sitios web&nbsp;<\/strong><\/p>\n\n\n\n<p>Nuestro Servicio puede contener enlaces a sitios web o servicios de terceros que no son propiedad ni est\u00e1n controlados por Time &amp; Money Networ Editions. Time &amp; Money Network Editions no tiene control ni asume ninguna responsabilidad por el contenido, las pol\u00edticas de privacidad o las pr\u00e1cticas de los sitios web o servicios de terceros. Adem\u00e1s, reconoce y acepta que Time &amp; Money Commerce no ser\u00e1 responsable, directa o indirectamente, de ning\u00fan da\u00f1o o p\u00e9rdida causados \u200b\u200bo supuestamente causados \u200b\u200bpor o en relaci\u00f3n con el uso o la confianza en dichos contenidos, bienes o servicios disponibles. en oa trav\u00e9s de dichos sitios web o servicios. Le recomendamos encarecidamente que lea los t\u00e9rminos y condiciones y las pol\u00edticas de privacidad de cualquier sitio web o servicio de terceros que visite.<\/p>\n\n\n\n<p class=\"has-medium-font-size\"><strong>Terminaci\u00f3n&nbsp;<\/strong><\/p>\n\n\n\n<p>Podemos terminar o suspender el acceso a nuestro Servicio de inmediato, sin previo aviso ni responsabilidad, por cualquier motivo, incluido, entre otros, si incumple los T\u00e9rminos. Todas las disposiciones de los T\u00e9rminos que por su naturaleza deber\u00edan sobrevivir a la terminaci\u00f3n sobrevivir\u00e1n a la terminaci\u00f3n, incluidas, entre otras, las disposiciones de propiedad, renuncias de garant\u00eda, indemnizaci\u00f3n y limitaciones de responsabilidad. Podemos cancelar o suspender su cuenta de inmediato, sin previo aviso ni responsabilidad, por cualquier motivo, incluido, entre otros, si incumple los T\u00e9rminos. Tras la terminaci\u00f3n, su derecho a utilizar el Servicio cesar\u00e1 inmediatamente. Si desea cancelar su cuenta, simplemente puede dejar de usar el Servicio. Todas las disposiciones de los T\u00e9rminos que por su naturaleza deber\u00edan sobrevivir a la terminaci\u00f3n sobrevivir\u00e1n a la terminaci\u00f3n, incluidas, entre otras, las disposiciones de propiedad, renuncias de garant\u00eda, indemnizaci\u00f3n y limitaciones de responsabilidad.<\/p>\n\n\n\n<p class=\"has-medium-font-size\"><strong>Descargo de responsabilidad&nbsp;<\/strong><\/p>\n\n\n\n<p>Su uso del Servicio es bajo su propio riesgo. El Servicio se proporciona &#8220;TAL CUAL&#8221; y &#8220;SEG\u00daN DISPONIBILIDAD&#8221;. El Servicio se proporciona sin garant\u00edas de ning\u00fan tipo, ya sean expresas o impl\u00edcitas, incluidas, entre otras, las garant\u00edas impl\u00edcitas de comerciabilidad, idoneidad para un prop\u00f3sito particular, no infracci\u00f3n o curso de ejecuci\u00f3n.<\/p>\n\n\n\n<p class=\"has-medium-font-size\"><strong>Ley que rige&nbsp;<\/strong><\/p>\n\n\n\n<p>Estos T\u00e9rminos se regir\u00e1n e interpretar\u00e1n de acuerdo con las leyes de Argentina sin tener en cuenta sus disposiciones sobre conflicto de leyes. Nuestra falla en hacer cumplir cualquier derecho o disposici\u00f3n de estos T\u00e9rminos no se considerar\u00e1 una renuncia a esos derechos. Si alguna disposici\u00f3n de estos T\u00e9rminos se considera inv\u00e1lida o inaplicable por un tribunal, las disposiciones restantes de estos T\u00e9rminos permanecer\u00e1n en vigor. Estos T\u00e9rminos constituyen el acuerdo completo entre nosotros con respecto a nuestro Servicio y reemplazan y reemplazan cualquier acuerdo anterior que podamos tener entre nosotros con respecto al Servicio.<\/p>\n\n\n\n<p class=\"has-medium-font-size\"><strong>Cambios&nbsp;<\/strong><\/p>\n\n\n\n<p>Nos reservamos el derecho, a nuestro exclusivo criterio, de modificar o reemplazar estos T\u00e9rminos en cualquier momento. Si una revisi\u00f3n es importante, intentaremos proporcionar un aviso de al menos d\u00edas antes de que entren en vigor los nuevos t\u00e9rminos. Lo que constituye un cambio material se determinar\u00e1 a nuestro exclusivo criterio. Al continuar accediendo o utilizando nuestro Servicio despu\u00e9s de que esas revisiones entren en vigencia, usted acepta estar sujeto a los t\u00e9rminos revisados. Si no est\u00e1 de acuerdo con los nuevos t\u00e9rminos, deje de usar el Servicio.<\/p>\n\n\n\n<p class=\"has-medium-font-size\"><strong>Cont\u00e1ctenos&nbsp;<\/strong><\/p>\n\n\n\n<p>Si tiene alguna pregunta sobre estos T\u00e9rminos, comun\u00edquese con nosotros.<\/p>\n","protected":false},"excerpt":{"rendered":"<p>Lea estos T\u00e9rminos de uso (&#8220;T\u00e9rminos&#8221;, &#8220;T\u00e9rminos de uso&#8221;) detenidamente antes de utilizar el sitio web https: \/www. timemoneynet.com (el &#8220;Servicio&#8221;) operado por Time &amp; Money Network Editions (&#8220;nosotros&#8221;, o \u201c nuestro \u201d). Su acceso y uso del Servicio est\u00e1 condicionado a su aceptaci\u00f3n y cumplimiento de estos T\u00e9rminos. Estos T\u00e9rminos se aplican a todos [&hellip;]<\/p>\n","protected":false},"author":2,"featured_media":0,"parent":0,"menu_order":0,"comment_status":"closed","ping_status":"closed","template":"template-fullwidth.php","meta":[],"_links":{"self":[{"href":"https:\/\/www.timemoneynet.com\/ecom-argentina\/wp-json\/wp\/v2\/pages\/66"}],"collection":[{"href":"https:\/\/www.timemoneynet.com\/ecom-argentina\/wp-json\/wp\/v2\/pages"}],"about":[{"href":"https:\/\/www.timemoneynet.com\/ecom-argentina\/wp-json\/wp\/v2\/types\/page"}],"author":[{"embeddable":true,"href":"https:\/\/www.timemoneynet.com\/ecom-argentina\/wp-json\/wp\/v2\/users\/2"}],"replies":[{"embeddable":true,"href":"https:\/\/www.timemoneynet.com\/ecom-argentina\/wp-json\/wp\/v2\/comments?post=66"}],"version-history":[{"count":15,"href":"https:\/\/www.timemoneynet.com\/ecom-argentina\/wp-json\/wp\/v2\/pages\/66\/revisions"}],"predecessor-version":[{"id":501,"href":"https:\/\/www.timemoneynet.com\/ecom-argentina\/wp-json\/wp\/v2\/pages\/66\/revisions\/501"}],"wp:attachment":[{"href":"https:\/\/www.timemoneynet.com\/ecom-argentina\/wp-json\/wp\/v2\/media?parent=66"}],"curies":[{"name":"wp","href":"https:\/\/api.w.org\/{rel}","templated":true}]}}