{"id":177,"date":"2020-08-23T16:16:31","date_gmt":"2020-08-23T19:16:31","guid":{"rendered":"http:\/\/localhost\/timemoney3\/tm-ecommerce-arg\/?post_type=product&#038;p=177"},"modified":"2023-11-17T09:41:12","modified_gmt":"2023-11-17T12:41:12","slug":"los-nuevos-profesionales","status":"publish","type":"product","link":"https:\/\/www.timemoneynet.com\/ecom-argentina\/producto\/los-nuevos-profesionales\/","title":{"rendered":"Los Nuevos Profesionales"},"content":{"rendered":"","protected":false},"excerpt":{"rendered":"<p><strong>LOS NUEVOS PROFESIONALES, El Surgimiento del Network Marketing como la Pr\u00f3xima Profesi\u00f3n de Relevancia<\/strong><\/p>\n<p>Charles W. King \/ James W. Robinson<\/p>\n<p>\u201cLos Nuevos Profesionales\u201d es el primer libro que examina tanto la tendencia de personas provenientes de profesiones o actividades empresariales m\u00e1s tradicionales volc\u00e1ndose al MLM, como la manera en la cual este fen\u00f3meno est\u00e1 cambiando definitivamente la cara del marketing multinivel.<\/p>\n","protected":false},"featured_media":345,"template":"","meta":[],"_links":{"self":[{"href":"https:\/\/www.timemoneynet.com\/ecom-argentina\/wp-json\/wp\/v2\/product\/177"}],"collection":[{"href":"https:\/\/www.timemoneynet.com\/ecom-argentina\/wp-json\/wp\/v2\/product"}],"about":[{"href":"https:\/\/www.timemoneynet.com\/ecom-argentina\/wp-json\/wp\/v2\/types\/product"}],"wp:featuredmedia":[{"embeddable":true,"href":"https:\/\/www.timemoneynet.com\/ecom-argentina\/wp-json\/wp\/v2\/media\/345"}],"wp:attachment":[{"href":"https:\/\/www.timemoneynet.com\/ecom-argentina\/wp-json\/wp\/v2\/media?parent=177"}],"curies":[{"name":"wp","href":"https:\/\/api.w.org\/{rel}","templated":true}]}}