{"id":189,"date":"2020-08-23T17:17:10","date_gmt":"2020-08-23T20:17:10","guid":{"rendered":"http:\/\/localhost\/timemoney3\/tm-ecommerce-arg\/?post_type=product&#038;p=189"},"modified":"2023-11-17T09:39:33","modified_gmt":"2023-11-17T12:39:33","slug":"multiples-fuentes-de-ingresos","status":"publish","type":"product","link":"https:\/\/www.timemoneynet.com\/ecom-argentina\/producto\/multiples-fuentes-de-ingresos\/","title":{"rendered":"M\u00faltiples Fuentes de Ingresos"},"content":{"rendered":"","protected":false},"excerpt":{"rendered":"<p><strong>MULTIPLES FUENTES DE INGRESO<\/strong>.<strong>\u00a0C\u00f3mo generar una vida de riqueza ilimitada<\/strong><\/p>\n<p>Robert G. Allen<\/p>\n<p>\u00bfLe gustar\u00eda que\u00a0<strong><em>m\u00faltiples fuentes de ingreso<\/em><\/strong><em>\u00a0fluyan por el resto de su vida?\u00a0<\/em>Si su respuesta es \u201c\u00a1S\u00cd!\u201d, entonces se beneficiar\u00e1 con la lectura de\u00a0este libro<em>.<\/em><\/p>\n<p>En esta gu\u00eda pr\u00e1ctica, Robert Allen, autor y mentor de exitosos libros de finanzas, ha investigado cientos de oportunidades para generar ingresos, reduci\u00e9ndolas a diez negocios infalibles para el nuevo milenio. Usted aprender\u00e1 c\u00f3mo generar ingresos y plantar las semillas que generar\u00e1n \u00e1rboles de dinero.<\/p>\n","protected":false},"featured_media":348,"template":"","meta":[],"_links":{"self":[{"href":"https:\/\/www.timemoneynet.com\/ecom-argentina\/wp-json\/wp\/v2\/product\/189"}],"collection":[{"href":"https:\/\/www.timemoneynet.com\/ecom-argentina\/wp-json\/wp\/v2\/product"}],"about":[{"href":"https:\/\/www.timemoneynet.com\/ecom-argentina\/wp-json\/wp\/v2\/types\/product"}],"wp:featuredmedia":[{"embeddable":true,"href":"https:\/\/www.timemoneynet.com\/ecom-argentina\/wp-json\/wp\/v2\/media\/348"}],"wp:attachment":[{"href":"https:\/\/www.timemoneynet.com\/ecom-argentina\/wp-json\/wp\/v2\/media?parent=189"}],"curies":[{"name":"wp","href":"https:\/\/api.w.org\/{rel}","templated":true}]}}