{"id":195,"date":"2020-08-23T17:26:41","date_gmt":"2020-08-23T20:26:41","guid":{"rendered":"http:\/\/localhost\/timemoney3\/tm-ecommerce-arg\/?post_type=product&#038;p=195"},"modified":"2023-11-17T09:39:31","modified_gmt":"2023-11-17T12:39:31","slug":"su-primer-ano-en-el-network-marketing","status":"publish","type":"product","link":"https:\/\/www.timemoneynet.com\/ecom-argentina\/producto\/su-primer-ano-en-el-network-marketing\/","title":{"rendered":"Su Primer A\u00f1o en el Network Marketing"},"content":{"rendered":"","protected":false},"excerpt":{"rendered":"<p><strong>Su Primer A\u00f1o en el Network Marketing<\/strong>. Supere sus miedos, alcance el \u00e8xito, logre sus sue\u00f1os<\/p>\n<p>Mark Yarnell \/ Ren\u00e9 Yarnell<\/p>\n<p>Consagrado por los lectores como un cl\u00e1sico del MLM, \u201cSu Primer A\u00f1o en el Network Marketing\u201d est\u00e1 dirigido tanto a aquellos que reci\u00e9n comienzan, como as\u00ed tambi\u00e9n a todas las personas que requieran dar orientaci\u00f3n y apoyo a nuevos distribuidores.<\/p>\n","protected":false},"featured_media":354,"template":"","meta":[],"_links":{"self":[{"href":"https:\/\/www.timemoneynet.com\/ecom-argentina\/wp-json\/wp\/v2\/product\/195"}],"collection":[{"href":"https:\/\/www.timemoneynet.com\/ecom-argentina\/wp-json\/wp\/v2\/product"}],"about":[{"href":"https:\/\/www.timemoneynet.com\/ecom-argentina\/wp-json\/wp\/v2\/types\/product"}],"wp:featuredmedia":[{"embeddable":true,"href":"https:\/\/www.timemoneynet.com\/ecom-argentina\/wp-json\/wp\/v2\/media\/354"}],"wp:attachment":[{"href":"https:\/\/www.timemoneynet.com\/ecom-argentina\/wp-json\/wp\/v2\/media?parent=195"}],"curies":[{"name":"wp","href":"https:\/\/api.w.org\/{rel}","templated":true}]}}