{"id":245,"date":"2020-08-24T18:16:42","date_gmt":"2020-08-24T21:16:42","guid":{"rendered":"http:\/\/localhost\/timemoney3\/tm-ecommerce-arg\/?post_type=product&#038;p=245"},"modified":"2023-11-17T09:37:17","modified_gmt":"2023-11-17T12:37:17","slug":"una-vida-emprendedora","status":"publish","type":"product","link":"https:\/\/www.timemoneynet.com\/ecom-argentina\/producto\/una-vida-emprendedora\/","title":{"rendered":"Una Vida Emprendedora"},"content":{"rendered":"","protected":false},"excerpt":{"rendered":"<p><strong>Una vida emprendedora<\/strong>.\u00a0<strong>Una autobiograf\u00eca<\/strong><\/p>\n<p>Jay Van Andel<\/p>\n<p>Una vida emprendedora es la narraci\u00f3n hecha por Jay Van Andel acerca de las aventuras, las penurias, la fe y la determinaci\u00f3n que construyeron al gigante de la industria que encarna el verdadero esp\u00edritu de la libre empresa. Aqu\u00ed, por primera vez Van Andel pone a la luz sus batallas privadas, sus peleas p\u00fablicas y triunfos personales, brindando as\u00ed a los empleados y distribuidores de Amway, a la gente de negocios y a los empresarios la verdadera historia de un l\u00edder cuya visi\u00f3n cre\u00f3 una compa\u00f1\u00eda que trasciende el aspecto comercial al ayudar a la gente a que se ayude a s\u00ed misma.<\/p>\n","protected":false},"featured_media":355,"template":"","meta":[],"_links":{"self":[{"href":"https:\/\/www.timemoneynet.com\/ecom-argentina\/wp-json\/wp\/v2\/product\/245"}],"collection":[{"href":"https:\/\/www.timemoneynet.com\/ecom-argentina\/wp-json\/wp\/v2\/product"}],"about":[{"href":"https:\/\/www.timemoneynet.com\/ecom-argentina\/wp-json\/wp\/v2\/types\/product"}],"wp:featuredmedia":[{"embeddable":true,"href":"https:\/\/www.timemoneynet.com\/ecom-argentina\/wp-json\/wp\/v2\/media\/355"}],"wp:attachment":[{"href":"https:\/\/www.timemoneynet.com\/ecom-argentina\/wp-json\/wp\/v2\/media?parent=245"}],"curies":[{"name":"wp","href":"https:\/\/api.w.org\/{rel}","templated":true}]}}