{"id":247,"date":"2020-08-24T18:22:57","date_gmt":"2020-08-24T21:22:57","guid":{"rendered":"http:\/\/localhost\/timemoney3\/tm-ecommerce-arg\/?post_type=product&#038;p=247"},"modified":"2023-11-17T09:37:14","modified_gmt":"2023-11-17T12:37:14","slug":"construir-en-grande","status":"publish","type":"product","link":"https:\/\/www.timemoneynet.com\/ecom-argentina\/producto\/construir-en-grande\/","title":{"rendered":"Construir en Grande"},"content":{"rendered":"","protected":false},"excerpt":{"rendered":"<p><strong>Construir en Grande. 101 Secretos de los principales expertos en venta directa\u00a0<\/strong><\/p>\n<p>DSWA<\/p>\n<p>Si posee un negocio que realiza desde su casa o piensa en iniciar uno, ya sea de venta directa o de network marketing, este libro ha sido escrito para usted. En sus p\u00e1ginas se revelan 101 nociones innovadoras sobre c\u00f3mo tener \u00e9xito en los negocios, nociones compartidas por mujeres y hombres que no s\u00f3lo hablan del \u00e9xito sino que lo viven.<\/p>\n","protected":false},"featured_media":357,"template":"","meta":[],"_links":{"self":[{"href":"https:\/\/www.timemoneynet.com\/ecom-argentina\/wp-json\/wp\/v2\/product\/247"}],"collection":[{"href":"https:\/\/www.timemoneynet.com\/ecom-argentina\/wp-json\/wp\/v2\/product"}],"about":[{"href":"https:\/\/www.timemoneynet.com\/ecom-argentina\/wp-json\/wp\/v2\/types\/product"}],"wp:featuredmedia":[{"embeddable":true,"href":"https:\/\/www.timemoneynet.com\/ecom-argentina\/wp-json\/wp\/v2\/media\/357"}],"wp:attachment":[{"href":"https:\/\/www.timemoneynet.com\/ecom-argentina\/wp-json\/wp\/v2\/media?parent=247"}],"curies":[{"name":"wp","href":"https:\/\/api.w.org\/{rel}","templated":true}]}}