{"id":249,"date":"2020-08-24T18:30:32","date_gmt":"2020-08-24T21:30:32","guid":{"rendered":"http:\/\/localhost\/timemoney3\/tm-ecommerce-arg\/?post_type=product&#038;p=249"},"modified":"2023-11-17T09:37:11","modified_gmt":"2023-11-17T12:37:11","slug":"digame-no","status":"publish","type":"product","link":"https:\/\/www.timemoneynet.com\/ecom-argentina\/producto\/digame-no\/","title":{"rendered":"D\u00edgame No"},"content":{"rendered":"","protected":false},"excerpt":{"rendered":"<p><strong>DIGAME NO!. El verdadero poder de la venta inversa<\/strong><\/p>\n<p>Alice Wheaton<\/p>\n<p>El libro nos ofrece una visi\u00f3n diferente sobre el funcionamiento del verdadero proceso de ventas. Trata sobre el trabajo, la disciplina e inevitablemente el rechazo. Nos propone un cambio frente a la disposici\u00f3n mental al momento de recibir un no, lo cual resultar\u00e1 adem\u00e1s en factor clave para el \u00e9xito dado que tal como Alice Wheaton sugiere: \u00a1Las objeciones son el alma de la venta!<\/p>\n","protected":false},"featured_media":336,"template":"","meta":[],"_links":{"self":[{"href":"https:\/\/www.timemoneynet.com\/ecom-argentina\/wp-json\/wp\/v2\/product\/249"}],"collection":[{"href":"https:\/\/www.timemoneynet.com\/ecom-argentina\/wp-json\/wp\/v2\/product"}],"about":[{"href":"https:\/\/www.timemoneynet.com\/ecom-argentina\/wp-json\/wp\/v2\/types\/product"}],"wp:featuredmedia":[{"embeddable":true,"href":"https:\/\/www.timemoneynet.com\/ecom-argentina\/wp-json\/wp\/v2\/media\/336"}],"wp:attachment":[{"href":"https:\/\/www.timemoneynet.com\/ecom-argentina\/wp-json\/wp\/v2\/media?parent=249"}],"curies":[{"name":"wp","href":"https:\/\/api.w.org\/{rel}","templated":true}]}}