{"id":253,"date":"2020-08-24T18:34:56","date_gmt":"2020-08-24T21:34:56","guid":{"rendered":"http:\/\/localhost\/timemoney3\/tm-ecommerce-arg\/?post_type=product&#038;p=253"},"modified":"2023-11-17T09:37:09","modified_gmt":"2023-11-17T12:37:09","slug":"la-espiritualidad-del-exito","status":"publish","type":"product","link":"https:\/\/www.timemoneynet.com\/ecom-argentina\/producto\/la-espiritualidad-del-exito\/","title":{"rendered":"La Espiritualidad del Exito"},"content":{"rendered":"","protected":false},"excerpt":{"rendered":"<p><strong>LA ESPIRITUALIDAD DEL EXITO. Hacerse rico con integridad\u00a0\u00a0<\/strong><\/p>\n<p>Vincent M. Roazzi<\/p>\n<p><strong><em>La Espiritualidad del Exito<\/em><\/strong>\u00a0desaf\u00eda el pensamiento convencional, a la vez que ofrece a los lectores una sabidur\u00eda invalorable y visiones pr\u00e1cticas para lograr el \u00e9xito financiero sin alcanzar la bancarrota moral.<\/p>\n<p>El coraz\u00f3n de este libro, motivador y desafiante, se basa en el an\u00e1lisis de porqu\u00e9 el 93 % de las personas tiene la f\u00f3rmula err\u00f3nea del \u00e9xito. Paralelamente devela el verdadero camino hacia el \u00e9xito financiero y la felicidad, ayudando al lector a revelar su aut\u00e9ntica individualidad.<\/p>\n","protected":false},"featured_media":338,"template":"","meta":[],"_links":{"self":[{"href":"https:\/\/www.timemoneynet.com\/ecom-argentina\/wp-json\/wp\/v2\/product\/253"}],"collection":[{"href":"https:\/\/www.timemoneynet.com\/ecom-argentina\/wp-json\/wp\/v2\/product"}],"about":[{"href":"https:\/\/www.timemoneynet.com\/ecom-argentina\/wp-json\/wp\/v2\/types\/product"}],"wp:featuredmedia":[{"embeddable":true,"href":"https:\/\/www.timemoneynet.com\/ecom-argentina\/wp-json\/wp\/v2\/media\/338"}],"wp:attachment":[{"href":"https:\/\/www.timemoneynet.com\/ecom-argentina\/wp-json\/wp\/v2\/media?parent=253"}],"curies":[{"name":"wp","href":"https:\/\/api.w.org\/{rel}","templated":true}]}}