{"id":259,"date":"2020-08-24T18:47:45","date_gmt":"2020-08-24T21:47:45","guid":{"rendered":"http:\/\/localhost\/timemoney3\/tm-ecommerce-arg\/?post_type=product&#038;p=259"},"modified":"2023-11-17T09:36:59","modified_gmt":"2023-11-17T12:36:59","slug":"exito-extremo","status":"publish","type":"product","link":"https:\/\/www.timemoneynet.com\/ecom-argentina\/producto\/exito-extremo\/","title":{"rendered":"Exito Extremo"},"content":{"rendered":"","protected":false},"excerpt":{"rendered":"<p><strong>EXITO EXTREMO<\/strong>.\u00a0<strong>49 Secretos para \u00a1HACERLO A LO GRANDE! y vivir una vida extraordinaria<\/strong><\/p>\n<p>Frank McKinney<\/p>\n<p>Este libro es una gu\u00eda para generar resultados perdurables y hacerlo con emoci\u00f3n, pasi\u00f3n y alegr\u00eda. \u00e9xito extremo le har\u00e1 conocer los secretos para \u00a1hacerlo a lo grande! en sus propios t\u00e9rminos.<\/p>\n<p>Con pr\u00f3logo por Rich de Voss<\/p>\n","protected":false},"featured_media":339,"template":"","meta":[],"_links":{"self":[{"href":"https:\/\/www.timemoneynet.com\/ecom-argentina\/wp-json\/wp\/v2\/product\/259"}],"collection":[{"href":"https:\/\/www.timemoneynet.com\/ecom-argentina\/wp-json\/wp\/v2\/product"}],"about":[{"href":"https:\/\/www.timemoneynet.com\/ecom-argentina\/wp-json\/wp\/v2\/types\/product"}],"wp:featuredmedia":[{"embeddable":true,"href":"https:\/\/www.timemoneynet.com\/ecom-argentina\/wp-json\/wp\/v2\/media\/339"}],"wp:attachment":[{"href":"https:\/\/www.timemoneynet.com\/ecom-argentina\/wp-json\/wp\/v2\/media?parent=259"}],"curies":[{"name":"wp","href":"https:\/\/api.w.org\/{rel}","templated":true}]}}