{"id":262,"date":"2020-08-24T18:51:48","date_gmt":"2020-08-24T21:51:48","guid":{"rendered":"http:\/\/localhost\/timemoney3\/tm-ecommerce-arg\/?post_type=product&#038;p=262"},"modified":"2023-11-17T09:36:56","modified_gmt":"2023-11-17T12:36:56","slug":"renovarse-reinsertarse-o-retirarse","status":"publish","type":"product","link":"https:\/\/www.timemoneynet.com\/ecom-argentina\/producto\/renovarse-reinsertarse-o-retirarse\/","title":{"rendered":"Renovarse, Reinsertarse o Retirarse"},"content":{"rendered":"","protected":false},"excerpt":{"rendered":"<p><strong>\u00bfRENOVARSE, REINSERTARSE O RETIRARSE?<\/strong>\u00a0<strong>Gu\u00eda Global para el Trabajador Experimentado\u00a0\u00a0<\/strong><\/p>\n<p>Robert K. Critchley<\/p>\n<p>\u00bfRenovarse, Reinsertarse o Retirarse?, es un libro dirigido a quienes habiendo alcanzado la mediana edad, se est\u00e1n planteando c\u00f3mo encarar su futuro y planificar sus a\u00f1os por venir, en el contexto de los permanentes cambios que se vienen suscitando en el mundo laboral<\/p>\n","protected":false},"featured_media":352,"template":"","meta":[],"_links":{"self":[{"href":"https:\/\/www.timemoneynet.com\/ecom-argentina\/wp-json\/wp\/v2\/product\/262"}],"collection":[{"href":"https:\/\/www.timemoneynet.com\/ecom-argentina\/wp-json\/wp\/v2\/product"}],"about":[{"href":"https:\/\/www.timemoneynet.com\/ecom-argentina\/wp-json\/wp\/v2\/types\/product"}],"wp:featuredmedia":[{"embeddable":true,"href":"https:\/\/www.timemoneynet.com\/ecom-argentina\/wp-json\/wp\/v2\/media\/352"}],"wp:attachment":[{"href":"https:\/\/www.timemoneynet.com\/ecom-argentina\/wp-json\/wp\/v2\/media?parent=262"}],"curies":[{"name":"wp","href":"https:\/\/api.w.org\/{rel}","templated":true}]}}