{"id":264,"date":"2020-08-24T18:56:27","date_gmt":"2020-08-24T21:56:27","guid":{"rendered":"http:\/\/localhost\/timemoney3\/tm-ecommerce-arg\/?post_type=product&#038;p=264"},"modified":"2023-11-17T09:36:53","modified_gmt":"2023-11-17T12:36:53","slug":"el-11-elemento","status":"publish","type":"product","link":"https:\/\/www.timemoneynet.com\/ecom-argentina\/producto\/el-11-elemento\/","title":{"rendered":"El 11\u00b0 Elemento"},"content":{"rendered":"","protected":false},"excerpt":{"rendered":"<p><strong>EL 11\u00ba ELEMENTO. La clave para liberar su plan maestro para el logro del Exito y la Riqueza\u00a0<\/strong><\/p>\n<p>Robert Scheinfeld<\/p>\n<p>Se han escrito muchos libros de ayuda sobre los componentes visibles de la riqueza y el \u00e9xito. Se han escrito otros libros sobre los componentes invisibles del \u00e9xito. Pero nunca antes nadie hab\u00eda detallado el \u201cterritorio\u201d del lado invisible del \u00e9xito en forma tan completa, precisa y clara como lo hace Robert Scheinfeld en\u00a0<em>\u00a0El 11\u00ba Elemento<\/em>.<\/p>\n<p>Con pr\u00f3logo de Robert Allen<\/p>\n","protected":false},"featured_media":337,"template":"","meta":[],"_links":{"self":[{"href":"https:\/\/www.timemoneynet.com\/ecom-argentina\/wp-json\/wp\/v2\/product\/264"}],"collection":[{"href":"https:\/\/www.timemoneynet.com\/ecom-argentina\/wp-json\/wp\/v2\/product"}],"about":[{"href":"https:\/\/www.timemoneynet.com\/ecom-argentina\/wp-json\/wp\/v2\/types\/product"}],"wp:featuredmedia":[{"embeddable":true,"href":"https:\/\/www.timemoneynet.com\/ecom-argentina\/wp-json\/wp\/v2\/media\/337"}],"wp:attachment":[{"href":"https:\/\/www.timemoneynet.com\/ecom-argentina\/wp-json\/wp\/v2\/media?parent=264"}],"curies":[{"name":"wp","href":"https:\/\/api.w.org\/{rel}","templated":true}]}}