{"id":268,"date":"2020-08-25T15:31:59","date_gmt":"2020-08-25T18:31:59","guid":{"rendered":"http:\/\/localhost\/timemoney3\/tm-ecommerce-arg\/?post_type=product&#038;p=268"},"modified":"2023-11-17T09:36:51","modified_gmt":"2023-11-17T12:36:51","slug":"como-somos-inteligentes","status":"publish","type":"product","link":"https:\/\/www.timemoneynet.com\/ecom-argentina\/producto\/como-somos-inteligentes\/","title":{"rendered":"C\u00f3mo Somos Inteligentes"},"content":{"rendered":"","protected":false},"excerpt":{"rendered":"<p><strong>NO SE TRATA DE CU\u00c1N INTELIGENTES SOMOS SINO DE C\u00d3MO SOMOS INTELIGENTES. 47 Maneras de Elevar su EQ<\/strong><\/p>\n<p>Jeanne Anne Craig, PHD<\/p>\n<p>Animado e infinitamente \u00fatil, el libro de la Dra. Jeanne Anne Craig elimina el misterio en el concepto de la inteligencia emocional y, paso por paso muestra formas claras y de sentido com\u00fan para impulsar el crecimiento del EQ y ser personas m\u00e1s felices y m\u00e1s satisfechas en el proceso<\/p>\n","protected":false},"featured_media":356,"template":"","meta":[],"_links":{"self":[{"href":"https:\/\/www.timemoneynet.com\/ecom-argentina\/wp-json\/wp\/v2\/product\/268"}],"collection":[{"href":"https:\/\/www.timemoneynet.com\/ecom-argentina\/wp-json\/wp\/v2\/product"}],"about":[{"href":"https:\/\/www.timemoneynet.com\/ecom-argentina\/wp-json\/wp\/v2\/types\/product"}],"wp:featuredmedia":[{"embeddable":true,"href":"https:\/\/www.timemoneynet.com\/ecom-argentina\/wp-json\/wp\/v2\/media\/356"}],"wp:attachment":[{"href":"https:\/\/www.timemoneynet.com\/ecom-argentina\/wp-json\/wp\/v2\/media?parent=268"}],"curies":[{"name":"wp","href":"https:\/\/api.w.org\/{rel}","templated":true}]}}