{"id":272,"date":"2020-08-25T15:46:03","date_gmt":"2020-08-25T18:46:03","guid":{"rendered":"http:\/\/localhost\/timemoney3\/tm-ecommerce-arg\/?post_type=product&#038;p=272"},"modified":"2023-11-17T09:36:46","modified_gmt":"2023-11-17T12:36:46","slug":"pensamiento-optimo","status":"publish","type":"product","link":"https:\/\/www.timemoneynet.com\/ecom-argentina\/producto\/pensamiento-optimo\/","title":{"rendered":"Pensamiento Optimo"},"content":{"rendered":"","protected":false},"excerpt":{"rendered":"<p><strong>PENSAMIENTO OPTIMO. C\u00f3mo lograr lo mejor de uno mismo<\/strong><\/p>\n<p>Rosalene Glickman, PH. D<\/p>\n<p>Maximice sus talentos, recursos y tiempo. Aproveche al m\u00e1ximo cada oportunidad y logre satisfacci\u00f3n \u00f3ptima en lo personal y profesional. Sucesor del pensamiento positivo, el PENSAMIENTO \u00d3PTIMO es la herramienta mental que usted necesita para lograr lo m\u00e1ximo en la vida!<\/p>\n","protected":false},"featured_media":351,"template":"","meta":[],"_links":{"self":[{"href":"https:\/\/www.timemoneynet.com\/ecom-argentina\/wp-json\/wp\/v2\/product\/272"}],"collection":[{"href":"https:\/\/www.timemoneynet.com\/ecom-argentina\/wp-json\/wp\/v2\/product"}],"about":[{"href":"https:\/\/www.timemoneynet.com\/ecom-argentina\/wp-json\/wp\/v2\/types\/product"}],"wp:featuredmedia":[{"embeddable":true,"href":"https:\/\/www.timemoneynet.com\/ecom-argentina\/wp-json\/wp\/v2\/media\/351"}],"wp:attachment":[{"href":"https:\/\/www.timemoneynet.com\/ecom-argentina\/wp-json\/wp\/v2\/media?parent=272"}],"curies":[{"name":"wp","href":"https:\/\/api.w.org\/{rel}","templated":true}]}}