{"id":274,"date":"2020-08-25T15:53:32","date_gmt":"2020-08-25T18:53:32","guid":{"rendered":"http:\/\/localhost\/timemoney3\/tm-ecommerce-arg\/?post_type=product&#038;p=274"},"modified":"2023-11-17T09:36:43","modified_gmt":"2023-11-17T12:36:43","slug":"lea-y-hagase-rico","status":"publish","type":"product","link":"https:\/\/www.timemoneynet.com\/ecom-argentina\/producto\/lea-y-hagase-rico\/","title":{"rendered":"Lea y H\u00e1gase Rico"},"content":{"rendered":"","protected":false},"excerpt":{"rendered":"<p><strong>LEA &amp; HAGASE RICO. \u00a1C\u00f3mo el poder subyacente en la lectura puede enriquecerlo a usted en todas las \u00e1reas de su vida!<\/strong><\/p>\n<p>Burke Hedges<\/p>\n<p>PARA leer, en lugar de excusas PARA NO leer. Este libro ilustra acerca del poder latente en la lectura, y contiene una recopilaci\u00f3n de testimonios de personas famosas (y personas promedio) que han transformado su vida a trav\u00e9s del h\u00e1bito de leer.<\/p>\n","protected":false},"featured_media":343,"template":"","meta":[],"_links":{"self":[{"href":"https:\/\/www.timemoneynet.com\/ecom-argentina\/wp-json\/wp\/v2\/product\/274"}],"collection":[{"href":"https:\/\/www.timemoneynet.com\/ecom-argentina\/wp-json\/wp\/v2\/product"}],"about":[{"href":"https:\/\/www.timemoneynet.com\/ecom-argentina\/wp-json\/wp\/v2\/types\/product"}],"wp:featuredmedia":[{"embeddable":true,"href":"https:\/\/www.timemoneynet.com\/ecom-argentina\/wp-json\/wp\/v2\/media\/343"}],"wp:attachment":[{"href":"https:\/\/www.timemoneynet.com\/ecom-argentina\/wp-json\/wp\/v2\/media?parent=274"}],"curies":[{"name":"wp","href":"https:\/\/api.w.org\/{rel}","templated":true}]}}