{"id":276,"date":"2020-08-25T15:59:26","date_gmt":"2020-08-25T18:59:26","guid":{"rendered":"http:\/\/localhost\/timemoney3\/tm-ecommerce-arg\/?post_type=product&#038;p=276"},"modified":"2023-11-17T09:36:41","modified_gmt":"2023-11-17T12:36:41","slug":"descifrando-el-exito-en-su-vida","status":"publish","type":"product","link":"https:\/\/www.timemoneynet.com\/ecom-argentina\/producto\/descifrando-el-exito-en-su-vida\/","title":{"rendered":"Descifrando el Exito en Su Vida"},"content":{"rendered":"","protected":false},"excerpt":{"rendered":"<p><strong>DESCIFRANDO EL EXITO EN SU VIDA, Una hoja de ruta para concretar sus objetivos y sobrellevar el exito\u00a0\u00a0<\/strong><\/p>\n<p>Peter Colwell<\/p>\n<p>\u00bfQu\u00e9 es el \u00e9xito? \u00bfSer\u00e1 una vida de lujo y riquezas? \u00bfSer\u00e1 alcanzar un doctorado en el \u00e1rea de nuestro inter\u00e9s? \u00bfCorrer una marat\u00f3n o, quiz\u00e1s, conquistar nuestro primer kil\u00f3metro? Por cierto, \u201c\u00c9XITO\u201d significar\u00e1 cosas diferentes para cada uno de nosotros.<\/p>\n","protected":false},"featured_media":359,"template":"","meta":[],"_links":{"self":[{"href":"https:\/\/www.timemoneynet.com\/ecom-argentina\/wp-json\/wp\/v2\/product\/276"}],"collection":[{"href":"https:\/\/www.timemoneynet.com\/ecom-argentina\/wp-json\/wp\/v2\/product"}],"about":[{"href":"https:\/\/www.timemoneynet.com\/ecom-argentina\/wp-json\/wp\/v2\/types\/product"}],"wp:featuredmedia":[{"embeddable":true,"href":"https:\/\/www.timemoneynet.com\/ecom-argentina\/wp-json\/wp\/v2\/media\/359"}],"wp:attachment":[{"href":"https:\/\/www.timemoneynet.com\/ecom-argentina\/wp-json\/wp\/v2\/media?parent=276"}],"curies":[{"name":"wp","href":"https:\/\/api.w.org\/{rel}","templated":true}]}}